{"id":174862,"date":"2026-05-07T09:33:16","date_gmt":"2026-05-07T07:33:16","guid":{"rendered":"https:\/\/pogztennis.com\/?page_id=174862"},"modified":"2026-05-07T09:33:16","modified_gmt":"2026-05-07T07:33:16","slug":"jeu-responsable","status":"publish","type":"page","link":"https:\/\/pogztennis.com\/fr\/jeu-responsable\/","title":{"rendered":"Jeu responsable"},"content":{"rendered":"<h2>Jouer comporte des risques<\/h2>\n<p><strong>Endettement, isolement, d\u00e9pendance.<\/strong> Pour \u00eatre aid\u00e9, appelez le <strong>09 74 75 13 13<\/strong> (appel non surtax\u00e9) ou visitez <a href=\"https:\/\/www.joueurs-info-service.fr\" rel=\"noopener\">joueurs-info-service.fr<\/a>.<\/p>\n<h2>Strictement interdit aux mineurs (-18 ans)<\/h2>\n<p>Les paris en ligne sont interdits aux mineurs en France. Les bookmakers vers lesquels nous renvoyons appliquent une v\u00e9rification stricte de l&rsquo;identit\u00e9 et de l&rsquo;\u00e2ge.<\/p>\n<h2>Signaux d&rsquo;alerte<\/h2>\n<ul>\n<li>Vous misez plus que pr\u00e9vu.<\/li>\n<li>Vous empruntez de l&rsquo;argent pour continuer \u00e0 parier.<\/li>\n<li>Vous dissimulez vos habitudes \u00e0 votre entourage.<\/li>\n<li>Votre humeur d\u00e9pend des r\u00e9sultats de vos paris.<\/li>\n<li>Vous tentez de \u00ab rattraper \u00bb vos pertes par des mises plus importantes.<\/li>\n<\/ul>\n<h2>Auto-exclusion ANJ<\/h2>\n<p>Vous pouvez demander une auto-exclusion aupr\u00e8s de l&rsquo;<a href=\"https:\/\/anj.fr\" rel=\"noopener\">Autorit\u00e9 Nationale des Jeux (ANJ)<\/a>, qui bloque l&rsquo;acc\u00e8s \u00e0 tous les op\u00e9rateurs agr\u00e9\u00e9s en France.<\/p>\n<h2>Aide compl\u00e9mentaire<\/h2>\n<p>Joueurs Info Service propose un accompagnement gratuit, anonyme et confidentiel par t\u00e9l\u00e9phone, chat et email.<\/p>\n<p><em>Derni\u00e8re mise \u00e0 jour : 07\/05\/2026<\/em><\/p>\n","protected":false},"excerpt":{"rendered":"<p>Jouer comporte des risques Endettement, isolement, d\u00e9pendance. Pour \u00eatre aid\u00e9, appelez le 09 74 75 13 13 (appel non surtax\u00e9) ou visitez joueurs-info-service.fr. Strictement interdit aux mineurs (-18 ans) Les&#8230;<\/p>\n","protected":false},"author":0,"featured_media":0,"parent":0,"menu_order":0,"comment_status":"closed","ping_status":"closed","template":"","meta":{"_acf_changed":false,"footnotes":""},"class_list":["post-174862","page","type-page","status-publish","hentry"],"acf":[],"_links":{"self":[{"href":"https:\/\/pogztennis.com\/fr\/wp-json\/wp\/v2\/pages\/174862","targetHints":{"allow":["GET"]}}],"collection":[{"href":"https:\/\/pogztennis.com\/fr\/wp-json\/wp\/v2\/pages"}],"about":[{"href":"https:\/\/pogztennis.com\/fr\/wp-json\/wp\/v2\/types\/page"}],"replies":[{"embeddable":true,"href":"https:\/\/pogztennis.com\/fr\/wp-json\/wp\/v2\/comments?post=174862"}],"version-history":[{"count":1,"href":"https:\/\/pogztennis.com\/fr\/wp-json\/wp\/v2\/pages\/174862\/revisions"}],"predecessor-version":[{"id":174958,"href":"https:\/\/pogztennis.com\/fr\/wp-json\/wp\/v2\/pages\/174862\/revisions\/174958"}],"wp:attachment":[{"href":"https:\/\/pogztennis.com\/fr\/wp-json\/wp\/v2\/media?parent=174862"}],"curies":[{"name":"wp","href":"https:\/\/api.w.org\/{rel}","templated":true}]}}