{"id":174858,"date":"2026-05-07T09:33:14","date_gmt":"2026-05-07T07:33:14","guid":{"rendered":"https:\/\/pogztennis.com\/?page_id=174858"},"modified":"2026-05-07T09:33:14","modified_gmt":"2026-05-07T07:33:14","slug":"mentions-legales","status":"publish","type":"page","link":"https:\/\/pogztennis.com\/fr\/mentions-legales\/","title":{"rendered":"Mentions l\u00e9gales"},"content":{"rendered":"<h2>\u00c9diteur<\/h2>\n<p><strong>LSB STUDIO<\/strong><br \/>EURL (entreprise unipersonnelle \u00e0 responsabilit\u00e9 limit\u00e9e)<br \/>60 rue Fran\u00e7ois Ier, 75008 Paris, France, France<br \/>SIREN : 999 760 572<br \/>SIRET : 999 760 572 00019<br \/>RCS : 999 760 572 R.C.S. Paris (inscription le 16\/01\/2026)<br \/>Capital social : 1 000,00 \u20ac<br \/>TVA intracommunautaire : FR18999760572<br \/>Code APE \/ Activit\u00e9 : \u00c9dition de revues et p\u00e9riodiques<br \/>Email : <a href=\"mailto:contact@pogztennis.com\">contact@pogztennis.com<\/a><\/p>\n<h2>Directeur de la publication<\/h2>\n<p>Louis Beulens, G\u00e9rant<\/p>\n<h2>H\u00e9bergeur<\/h2>\n<p>Hostinger International Ltd., 61 Lordou Vironos Street, 6023 Larnaca, Chypre<\/p>\n<h2>Propri\u00e9t\u00e9 intellectuelle<\/h2>\n<p>L&rsquo;ensemble du contenu de ce site (textes, images, logos, vid\u00e9os, statistiques) est prot\u00e9g\u00e9 par les lois fran\u00e7aises et internationales sur la propri\u00e9t\u00e9 intellectuelle. Toute reproduction, redistribution ou utilisation commerciale sans autorisation \u00e9crite pr\u00e9alable de LSB STUDIO est strictement interdite.<\/p>\n<h2>Contact<\/h2>\n<p>Pour toute demande, contactez <a href=\"mailto:contact@pogztennis.com\">contact@pogztennis.com<\/a>.<\/p>\n<p><em>Derni\u00e8re mise \u00e0 jour : 07\/05\/2026<\/em><\/p>\n","protected":false},"excerpt":{"rendered":"<p>\u00c9diteur LSB STUDIOEURL (entreprise unipersonnelle \u00e0 responsabilit\u00e9 limit\u00e9e)60 rue Fran\u00e7ois Ier, 75008 Paris, France, FranceSIREN : 999 760 572SIRET : 999 760 572 00019RCS : 999 760 572 R.C.S. Paris&#8230;<\/p>\n","protected":false},"author":0,"featured_media":0,"parent":0,"menu_order":0,"comment_status":"closed","ping_status":"closed","template":"","meta":{"_acf_changed":false,"footnotes":""},"class_list":["post-174858","page","type-page","status-publish","hentry"],"acf":[],"_links":{"self":[{"href":"https:\/\/pogztennis.com\/fr\/wp-json\/wp\/v2\/pages\/174858","targetHints":{"allow":["GET"]}}],"collection":[{"href":"https:\/\/pogztennis.com\/fr\/wp-json\/wp\/v2\/pages"}],"about":[{"href":"https:\/\/pogztennis.com\/fr\/wp-json\/wp\/v2\/types\/page"}],"replies":[{"embeddable":true,"href":"https:\/\/pogztennis.com\/fr\/wp-json\/wp\/v2\/comments?post=174858"}],"version-history":[{"count":1,"href":"https:\/\/pogztennis.com\/fr\/wp-json\/wp\/v2\/pages\/174858\/revisions"}],"predecessor-version":[{"id":174954,"href":"https:\/\/pogztennis.com\/fr\/wp-json\/wp\/v2\/pages\/174858\/revisions\/174954"}],"wp:attachment":[{"href":"https:\/\/pogztennis.com\/fr\/wp-json\/wp\/v2\/media?parent=174858"}],"curies":[{"name":"wp","href":"https:\/\/api.w.org\/{rel}","templated":true}]}}